{"id":1024,"date":"2021-02-12T09:22:11","date_gmt":"2021-02-12T09:22:11","guid":{"rendered":"https:\/\/valiance.qodeinteractive.com\/?page_id=1024"},"modified":"2022-09-21T09:47:30","modified_gmt":"2022-09-21T09:47:30","slug":"consulting-home","status":"publish","type":"page","link":"https:\/\/hcconsultoria.pt\/","title":{"rendered":"HC Consultoria"},"content":{"rendered":"\t\t<div data-elementor-type=\"wp-page\" data-elementor-id=\"1024\" class=\"elementor elementor-1024\">\n\t\t\t\t\t\t\t\t\t<section class=\"elementor-section elementor-top-section elementor-element elementor-element-7ca87cf elementor-section-full_width elementor-section-height-min-height elementor-section-content-middle qodef-bckg-animation elementor-section-height-default elementor-section-items-middle qodef-elementor-content-no\" data-id=\"7ca87cf\" data-element_type=\"section\" data-settings=\"{&quot;background_background&quot;:&quot;classic&quot;}\">\n\t\t\t\t\t\t<div class=\"elementor-container elementor-column-gap-default\">\n\t\t\t\t\t<div class=\"elementor-column elementor-col-100 elementor-top-column elementor-element elementor-element-9b8c56d\" data-id=\"9b8c56d\" data-element_type=\"column\">\n\t\t\t<div class=\"elementor-widget-wrap elementor-element-populated\">\n\t\t\t\t\t\t\t\t<div class=\"elementor-element elementor-element-cfa0cea elementor-widget__width-auto elementor-widget elementor-widget-valiance_core_custom_font\" data-id=\"cfa0cea\" data-element_type=\"widget\" data-widget_type=\"valiance_core_custom_font.default\">\n\t\t\t\t<div class=\"elementor-widget-container\">\n\t\t\t<p class=\"qodef-shortcode qodef-m  qodef-custom-font qodef-custom-font-887 qodef-layout--simple\" style=\"color: #171717;font-family: Poppins;font-size: 90px;line-height: 93px;font-weight: 400\">O seu projeto nas m\u00e3os certas!<\/p>\n\t\t<\/div>\n\t\t\t\t<\/div>\n\t\t\t\t<section class=\"elementor-section elementor-inner-section elementor-element elementor-element-22405a4 elementor-section-full_width elementor-section-content-middle elementor-section-height-default elementor-section-height-default qodef-elementor-content-no\" data-id=\"22405a4\" data-element_type=\"section\">\n\t\t\t\t\t\t<div class=\"elementor-container elementor-column-gap-default\">\n\t\t\t\t\t<div class=\"elementor-column elementor-col-100 elementor-inner-column elementor-element elementor-element-5da5beb\" data-id=\"5da5beb\" data-element_type=\"column\">\n\t\t\t<div class=\"elementor-widget-wrap elementor-element-populated\">\n\t\t\t\t\t\t\t\t<div class=\"elementor-element elementor-element-bbe62eb elementor-widget__width-initial elementor-widget elementor-widget-valiance_core_section_title\" data-id=\"bbe62eb\" data-element_type=\"widget\" data-widget_type=\"valiance_core_section_title.default\">\n\t\t\t\t<div class=\"elementor-widget-container\">\n\t\t\t<div class=\"qodef-shortcode qodef-m  qodef-section-title qodef-alignment--center  \">\n\t\t\t\t<p class=\"qodef-m-text\" style=\"font-size: 21px;line-height: 30px;color: #575757\">Fa\u00e7a o seu neg\u00f3cio crescer ou cuide das suas finan\u00e7as pessoais.\n<\/p>\n<\/div>\n\t\t<\/div>\n\t\t\t\t<\/div>\n\t\t\t\t\t<\/div>\n\t\t<\/div>\n\t\t\t\t\t\t\t<\/div>\n\t\t<\/section>\n\t\t\t\t\t<\/div>\n\t\t<\/div>\n\t\t\t\t\t\t\t<\/div>\n\t\t<\/section>\n\t\t\t\t<section class=\"elementor-section elementor-top-section elementor-element elementor-element-7fa1bc4 elementor-section-full_width elementor-section-height-min-height elementor-section-content-middle qodef-bckg-parallax-animation elementor-section-height-default elementor-section-items-middle qodef-elementor-content-no\" data-id=\"7fa1bc4\" data-element_type=\"section\" data-settings=\"{&quot;background_background&quot;:&quot;classic&quot;}\">\n\t\t\t\t\t\t<div class=\"elementor-container elementor-column-gap-default\">\n\t\t\t\t\t<div class=\"elementor-column elementor-col-100 elementor-top-column elementor-element elementor-element-bba7ce2\" data-id=\"bba7ce2\" data-element_type=\"column\">\n\t\t\t<div class=\"elementor-widget-wrap\">\n\t\t\t\t\t\t\t\t\t<\/div>\n\t\t<\/div>\n\t\t\t\t\t\t\t<\/div>\n\t\t<\/section>\n\t\t\t\t<section class=\"elementor-section elementor-top-section elementor-element elementor-element-2d60f19 elementor-section-full_width qodef-elementor-content-grid elementor-section-height-default elementor-section-height-default\" data-id=\"2d60f19\" data-element_type=\"section\">\n\t\t\t\t\t\t<div class=\"elementor-container elementor-column-gap-default\">\n\t\t\t\t\t<div class=\"elementor-column elementor-col-50 elementor-top-column elementor-element elementor-element-5c8f155\" data-id=\"5c8f155\" data-element_type=\"column\">\n\t\t\t<div class=\"elementor-widget-wrap elementor-element-populated\">\n\t\t\t\t\t\t\t\t<div class=\"elementor-element elementor-element-bfbc304 elementor-widget__width-initial elementor-widget elementor-widget-valiance_core_section_title\" data-id=\"bfbc304\" data-element_type=\"widget\" data-widget_type=\"valiance_core_section_title.default\">\n\t\t\t\t<div class=\"elementor-widget-container\">\n\t\t\t<div class=\"qodef-shortcode qodef-m  qodef-section-title qodef-alignment--left  \">\n\t\t<p class=\"qodef-m-subtitle\" style=\"margin-bottom: 8px\">Neg\u00f3cios que florescem<\/p>\n\t\t<h1 class=\"qodef-m-title\" >\n\t\t\t\t\tFa\u00e7a o Seu Neg\u00f3cio Crescer!\t\t\t<\/h1>\n\t<\/div>\n\t\t<\/div>\n\t\t\t\t<\/div>\n\t\t\t\t<div class=\"elementor-element elementor-element-5fe0e54 elementor-widget elementor-widget-valiance_core_button\" data-id=\"5fe0e54\" data-element_type=\"widget\" data-widget_type=\"valiance_core_button.default\">\n\t\t\t\t<div class=\"elementor-widget-container\">\n\t\t\t<a class=\"qodef-shortcode qodef-m  qodef-button qodef-layout--filled  qodef-html--link\" href=\"https:\/\/hcconsultoria.pt\/servicos\" target=\"_blank\"  style=\"margin: 32px 0px 0px 0px\">\n\t<span class=\"qodef-m-text\">Saber Mais<\/span>\n\t<span class=\"qodef-m-icon-arrow-wrapper\">\n\t\t<span class=\"qodef-m-icon-arrow qodef-m-icon-arrow1\"><svg  xmlns=\"http:\/\/www.w3.org\/2000\/svg\" width=\"26\" height=\"7\" viewBox=\"0 0 26 7\"><g transform=\"translate(-708.5 -168)\"><line x1=\"20\" transform=\"translate(708.5 171.5)\" fill=\"none\" stroke=\"#fff\" stroke-width=\"1\"\/><path d=\"M3.5,0,7,6H0Z\" transform=\"translate(734.5 168) rotate(90)\" fill=\"#fff\"\/><\/g><\/svg><\/span>\n\t\t<span class=\"qodef-m-icon-arrow qodef-m-icon-arrow2\"><svg  xmlns=\"http:\/\/www.w3.org\/2000\/svg\" width=\"26\" height=\"7\" viewBox=\"0 0 26 7\"><g transform=\"translate(-708.5 -168)\"><line x1=\"20\" transform=\"translate(708.5 171.5)\" fill=\"none\" stroke=\"#fff\" stroke-width=\"1\"\/><path d=\"M3.5,0,7,6H0Z\" transform=\"translate(734.5 168) rotate(90)\" fill=\"#fff\"\/><\/g><\/svg><\/span>\n\t<\/span>\n<\/a>\n\t\t<\/div>\n\t\t\t\t<\/div>\n\t\t\t\t\t<\/div>\n\t\t<\/div>\n\t\t\t\t<div class=\"elementor-column elementor-col-50 elementor-top-column elementor-element elementor-element-428087d\" data-id=\"428087d\" data-element_type=\"column\">\n\t\t\t<div class=\"elementor-widget-wrap elementor-element-populated\">\n\t\t\t\t\t\t\t\t<div class=\"elementor-element elementor-element-58b31aa elementor-widget elementor-widget-text-editor\" data-id=\"58b31aa\" data-element_type=\"widget\" data-widget_type=\"text-editor.default\">\n\t\t\t\t<div class=\"elementor-widget-container\">\n\t\t\t<style>\/*! elementor - v3.7.2 - 21-08-2022 *\/\n.elementor-widget-text-editor.elementor-drop-cap-view-stacked .elementor-drop-cap{background-color:#818a91;color:#fff}.elementor-widget-text-editor.elementor-drop-cap-view-framed .elementor-drop-cap{color:#818a91;border:3px solid;background-color:transparent}.elementor-widget-text-editor:not(.elementor-drop-cap-view-default) .elementor-drop-cap{margin-top:8px}.elementor-widget-text-editor:not(.elementor-drop-cap-view-default) .elementor-drop-cap-letter{width:1em;height:1em}.elementor-widget-text-editor .elementor-drop-cap{float:left;text-align:center;line-height:1;font-size:50px}.elementor-widget-text-editor .elementor-drop-cap-letter{display:inline-block}<\/style>\t\t\t\t<p>Desenvolvemos neg\u00f3cios e pessoas!<\/p><p>Prestamos servi\u00e7os de consultoria financeira e gest\u00e3o de forma regular e continuada.<\/p><p>Atuamos tamb\u00e9m numa perspetiva de projeto, sempre que sejam necess\u00e1rias interven\u00e7\u00f5es pontuais e delimitadas no tempo, e que t\u00eam como finalidade alcan\u00e7ar um objetivo espec\u00edfico, como por exemplo a elabora\u00e7\u00e3o de candidatura a um sistema de incentivo.<\/p><p>Desenvolvemos um conjunto \u00fanico de compet\u00eancias no dom\u00ednio do financiamento, da inova\u00e7\u00e3o e do empreendedorismo, da gest\u00e3o de de projetos de investiga\u00e7\u00e3o e desenvolvimento tecnol\u00f3gico, combinando compet\u00eancias especializadas nestes dom\u00ednios com um profundo conhecimento setorial.<\/p>\t\t\t\t\t\t<\/div>\n\t\t\t\t<\/div>\n\t\t\t\t<div class=\"elementor-element elementor-element-821ad8e elementor-widget__width-auto elementor-widget elementor-widget-valiance_core_single_image\" data-id=\"821ad8e\" data-element_type=\"widget\" data-widget_type=\"valiance_core_single_image.default\">\n\t\t\t\t<div class=\"elementor-widget-container\">\n\t\t\t<div class=\"qodef-shortcode qodef-m  qodef-single-image qodef-layout--default  \">\n\t<div class=\"qodef-m-image\">\n\t\t\t<img loading=\"lazy\" decoding=\"async\" width=\"56\" height=\"1\" src=\"https:\/\/hcconsultoria.pt\/wp-content\/uploads\/2021\/04\/h2-line-img.png\" class=\"attachment-full size-full\" alt=\"a\" \/>\t<\/div>\n<\/div>\n\t\t<\/div>\n\t\t\t\t<\/div>\n\t\t\t\t<div class=\"elementor-element elementor-element-a46c203 elementor-widget__width-auto elementor-widget elementor-widget-valiance_core_section_title\" data-id=\"a46c203\" data-element_type=\"widget\" data-widget_type=\"valiance_core_section_title.default\">\n\t\t\t\t<div class=\"elementor-widget-container\">\n\t\t\t<div class=\"qodef-shortcode qodef-m  qodef-section-title qodef-alignment--left  \">\n\t\t\t\t<p class=\"qodef-m-text\" style=\"font-size: 14px;color: #6D6D6D\">HC Consultoria, by Grupo HC<\/p>\n<\/div>\n\t\t<\/div>\n\t\t\t\t<\/div>\n\t\t\t\t\t<\/div>\n\t\t<\/div>\n\t\t\t\t\t\t\t<\/div>\n\t\t<\/section>\n\t\t\t\t\t\t\t<\/div>\n\t\t","protected":false},"excerpt":{"rendered":"<p>O seu projeto nas m\u00e3os certas! Fa\u00e7a o seu neg\u00f3cio crescer ou cuide das suas finan\u00e7as pessoais. Neg\u00f3cios que florescem Fa\u00e7a o Seu Neg\u00f3cio Crescer! Saber Mais Desenvolvemos neg\u00f3cios e pessoas! Prestamos servi\u00e7os de consultoria financeira e gest\u00e3o de forma regular e continuada. Atuamos tamb\u00e9m numa perspetiva de projeto, sempre que sejam necess\u00e1rias interven\u00e7\u00f5es pontuais [&hellip;]<\/p>\n","protected":false},"author":1,"featured_media":0,"parent":0,"menu_order":0,"comment_status":"closed","ping_status":"closed","template":"page-full-width.php","meta":{"footnotes":""},"class_list":["post-1024","page","type-page","status-publish","hentry"],"_links":{"self":[{"href":"https:\/\/hcconsultoria.pt\/index.php?rest_route=\/wp\/v2\/pages\/1024","targetHints":{"allow":["GET"]}}],"collection":[{"href":"https:\/\/hcconsultoria.pt\/index.php?rest_route=\/wp\/v2\/pages"}],"about":[{"href":"https:\/\/hcconsultoria.pt\/index.php?rest_route=\/wp\/v2\/types\/page"}],"author":[{"embeddable":true,"href":"https:\/\/hcconsultoria.pt\/index.php?rest_route=\/wp\/v2\/users\/1"}],"replies":[{"embeddable":true,"href":"https:\/\/hcconsultoria.pt\/index.php?rest_route=%2Fwp%2Fv2%2Fcomments&post=1024"}],"version-history":[{"count":26,"href":"https:\/\/hcconsultoria.pt\/index.php?rest_route=\/wp\/v2\/pages\/1024\/revisions"}],"predecessor-version":[{"id":13182,"href":"https:\/\/hcconsultoria.pt\/index.php?rest_route=\/wp\/v2\/pages\/1024\/revisions\/13182"}],"wp:attachment":[{"href":"https:\/\/hcconsultoria.pt\/index.php?rest_route=%2Fwp%2Fv2%2Fmedia&parent=1024"}],"curies":[{"name":"wp","href":"https:\/\/api.w.org\/{rel}","templated":true}]}}