{"id":3,"date":"2022-08-26T13:03:00","date_gmt":"2022-08-26T13:03:00","guid":{"rendered":"https:\/\/hcconsultoria.pt\/?page_id=3"},"modified":"2022-09-20T11:21:51","modified_gmt":"2022-09-20T11:21:51","slug":"politica-privacidade","status":"publish","type":"page","link":"https:\/\/hcconsultoria.pt\/?page_id=3","title":{"rendered":"Pol\u00edtica de Privacidade"},"content":{"rendered":"<p>A Contagem Aprumada Unipessoal Lda (empresa detentora da HC Consultoria, e doravante assim denominada, pretende informar que a privacidade e a seguran\u00e7a dos dados que nos confia s\u00e3o para n\u00f3s uma prioridade.<\/p>\n<p>Queremos que se sinta confiante que os seus dados pessoais est\u00e3o seguros connosco, pois estaremos sempre comprometidos em proteger a sua privacidade, e assumimos com grande seriedade e empenho as nossas responsabilidades no que respeita \u00e0 prote\u00e7\u00e3o dos seus dados pessoais.<\/p>\n<p>A utiliza\u00e7\u00e3o e prote\u00e7\u00e3o dos dados pessoais se encontrem sob a nossa responsabilidade cumpre o disposto na Lei n.\u00ba 67\/98, de 26 de Outubro e o Regulamento (UE) 2016\/679 do Parlamento Europeu e do Conselho de 27 de abril de 2016 (RGPD).<\/p>\n<p>Os seus dados pessoais ir\u00e3o permitir-nos prestar os servi\u00e7os de forma adequada e ajustada com os fins dos servi\u00e7os prestados pela HC Consultoria, sendo nesse sentido uma ferramenta essencial no garante e satisfa\u00e7\u00e3o dos clientes e, como tal, elemento fundamental para o sucesso de todos.<\/p>\n<p>Dados pessoais\u00a0s\u00e3o a informa\u00e7\u00e3o, de qualquer natureza e suporte, incluindo-se o som e imagem, relativa a uma pessoa singular identificada ou identific\u00e1vel.<\/p>\n<h6>ENTIDADE RESPONS\u00c1VEL<\/h6>\n<p>A HC Consultoria, \u00e9 a entidade respons\u00e1vel pela recolha e tratamento dos dados pessoais, com sede na Av. da Liberdade 838\/Cave,<br \/>\n3700-164 S\u00e3o Jo\u00e3o da Madeira.<\/p>\n<p>A HC Consultoria n\u00e3o recolhe informa\u00e7\u00f5es pessoalmente identific\u00e1veis, a menos que escolha envi\u00e1-las atrav\u00e9s de uma mensagem de correio eletr\u00f3nico ou atrav\u00e9s dos formul\u00e1rios disponibilizados ou gravando pesquisas. Mesmo quando decide fornecer-nos informa\u00e7\u00f5es, mantemos as mesmas confidenciais e n\u00e3o fornecemos os seus dados a terceiros. Quando os convidados visitam o nosso site e as nossas aplica\u00e7\u00f5es, recolhemos algumas informa\u00e7\u00f5es b\u00e1sicas que n\u00e3o identificam utilizadores individuais. Isso inclui o tr\u00e1fego, quais as p\u00e1ginas visitadas e por quanto tempo, a localiza\u00e7\u00e3o dos visitantes e qual o ISP que est\u00e3o a utilizar. Estas informa\u00e7\u00f5es s\u00e3o utilizadas unicamente para melhorar a qualidade do nosso servi\u00e7o e ajustar as informa\u00e7\u00f5es que disponibilizamos, de forma a tornar a sua experi\u00eancia no nosso site o mais agrad\u00e1vel e proveitosa poss\u00edvel.<\/p>\n<h6>\u201cCOOKIES\u201d<\/h6>\n<p>S\u00e3o pequenos peda\u00e7os de informa\u00e7\u00f5es guardados no dispositivo de um utilizador aquando da visita a determinados websites. Em visitas subsequentes, o ficheiro \u00e9 enviado de volta para o website que o originou permitindo assim identificar as prefer\u00eancias de um utilizador.<\/p>\n<p>Ao utilizar este website, o mesmo poder\u00e1 armazenar \u201ccookies\u201d no seu computador, quando assim permitido por si, que ser\u00e3o utilizados pelo Grupo HC para permitir uma navega\u00e7\u00e3o mais r\u00e1pida, eliminando a necessidade de introduzir repetidamente as mesmas informa\u00e7\u00f5es, respeitando sempre o seu anonimato e sem ser para recolher qualquer informa\u00e7\u00e3o pessoal, podendo sempre, atrav\u00e9s do browser, desativ\u00e1-los.<\/p>\n<p>A HC Consultoria poder\u00e1 ainda utilizar ferramentas de compila\u00e7\u00e3o estat\u00edstica de utiliza\u00e7\u00e3o, tais como o Google Analytics, servi\u00e7o que \u00e9 prestado pela Google, Inc., devendo as suas pol\u00edticas de privacidade espec\u00edficas ser consultadas.<\/p>\n<h6>FINALIDADE<\/h6>\n<p>O seu consentimento expresso \u00e9 dado para a seguinte finalidade: a\u00e7\u00f5es de marketing promovidas \u00fanica e exclusivamente pela entidade respons\u00e1vel.<\/p>\n<p>Informa\u00e7\u00e3o e Consentimento<br \/>\nInformamos tamb\u00e9m que os seus dados ser\u00e3o recolhidos, tratados e armazenados em total conformidade com as disposi\u00e7\u00f5es da legisla\u00e7\u00e3o nacional e europeia em vigor.<\/p>\n<h6>CONSERVA\u00c7\u00c3O<\/h6>\n<p>Conservamos os seus dados pessoais apenas durante o per\u00edodo que for necess\u00e1rio para cumprir os objetivos acima descritos e sempre mediante o seu consentimento.<\/p>\n<p>Os dados ser\u00e3o conservados nos nossos servidores, utilizados apenas pelos nossos respons\u00e1veis e para efeitos de cumprimento do RGPD, localizados na sede acima mencionada.<\/p>\n<p>Uma vez atingido o prazo m\u00e1ximo de conserva\u00e7\u00e3o, os seus dados pessoais ser\u00e3o anonimizados ou destru\u00eddos\/eliminados de forma segura.<\/p>\n<p>Direitos dos titulares dos dados pessoais<br \/>\nPoder\u00e1 sempre que entender exercer os seus direitos, nomeadamente: pedir informa\u00e7\u00e3o sobre o tratamento dos seus dados pessoais, atualizar, modificar, limitar quanto \u00e0 forma da sua utiliza\u00e7\u00e3o, opor ao seu tratamento e pedir o apagamento dos seus dados pessoais.<\/p>\n<p>Tem ainda o direito de retirar ou alterar, a qualquer momento, o consentimento que nos tenha dado para utilizarmos os seus dados pessoais.<br \/>\nPara exercer os seus direitos, o Titular dos Dados dever\u00e1 contatar a qualquer altura a entidade respons\u00e1vel, atrav\u00e9s do e-mail geral@hcconsultoria.pt<\/p>\n<p>Os dados voluntariamente fornecidos pelo titular dos dados, para al\u00e9m da utiliza\u00e7\u00e3o exclusiva da entidade respons\u00e1vel, n\u00e3o ser\u00e3o transmitidos a quaisquer outros terceiros sem o pr\u00e9vio consentimento do seu titular.<\/p>\n<p>Resolu\u00e7\u00e3o Alternativa de Conflitos de Consumo<br \/>\nNos termos da Lei n.\u00ba 144\/2015, de 8 de setembro, informamos que o Grupo HC \u00e9 uma empresa Aderente ao Centro de Informa\u00e7\u00e3o de Consumo e Arbitragem do Porto com os seguintes contatos:<\/p>\n<p>Rua Dami\u00e3o de G\u00f3is, n. 31 LI 6<br \/>\n4050-225 PORTO<br \/>\nTelf: +351 225 508 349 \/ +351 225 029 791<br \/>\nEmail: cicap@cicap.pt<br \/>\nwww.cicap.pt<br \/>\nEm caso de lit\u00edgio o consumidor pode recorrer a esta Entidade de Resolu\u00e7\u00e3o de Lit\u00edgios.<br \/>\nMais informa\u00e7\u00f5es em Portal do Consumidor.<\/p>\n<p>A presente Pol\u00edtica poder\u00e1 ser objeto de altera\u00e7\u00f5es a qualquer momento. A sua \u00faltima vers\u00e3o \u00e9 datada de 03 de Fevereiro de 2021. Caso se proceda \u00e0 altera\u00e7\u00e3o da Pol\u00edtica, atualizar\u00e1 a data da \u00faltima vers\u00e3o, sendo publicado o seu teor neste mesmo site.<\/p>\n","protected":false},"excerpt":{"rendered":"<p>A Contagem Aprumada Unipessoal Lda (empresa detentora da HC Consultoria, e doravante assim denominada, pretende informar que a privacidade e a seguran\u00e7a dos dados que nos confia s\u00e3o para n\u00f3s uma prioridade. Queremos que se sinta confiante que os seus dados pessoais est\u00e3o seguros connosco, pois estaremos sempre comprometidos em proteger a sua privacidade, e [&hellip;]<\/p>\n","protected":false},"author":1,"featured_media":0,"parent":0,"menu_order":0,"comment_status":"closed","ping_status":"open","template":"","meta":{"footnotes":""},"class_list":["post-3","page","type-page","status-publish","hentry"],"_links":{"self":[{"href":"https:\/\/hcconsultoria.pt\/index.php?rest_route=\/wp\/v2\/pages\/3","targetHints":{"allow":["GET"]}}],"collection":[{"href":"https:\/\/hcconsultoria.pt\/index.php?rest_route=\/wp\/v2\/pages"}],"about":[{"href":"https:\/\/hcconsultoria.pt\/index.php?rest_route=\/wp\/v2\/types\/page"}],"author":[{"embeddable":true,"href":"https:\/\/hcconsultoria.pt\/index.php?rest_route=\/wp\/v2\/users\/1"}],"replies":[{"embeddable":true,"href":"https:\/\/hcconsultoria.pt\/index.php?rest_route=%2Fwp%2Fv2%2Fcomments&post=3"}],"version-history":[{"count":4,"href":"https:\/\/hcconsultoria.pt\/index.php?rest_route=\/wp\/v2\/pages\/3\/revisions"}],"predecessor-version":[{"id":13166,"href":"https:\/\/hcconsultoria.pt\/index.php?rest_route=\/wp\/v2\/pages\/3\/revisions\/13166"}],"wp:attachment":[{"href":"https:\/\/hcconsultoria.pt\/index.php?rest_route=%2Fwp%2Fv2%2Fmedia&parent=3"}],"curies":[{"name":"wp","href":"https:\/\/api.w.org\/{rel}","templated":true}]}}