{"id":6057,"date":"2021-03-10T10:50:53","date_gmt":"2021-03-10T10:50:53","guid":{"rendered":"https:\/\/valiance.qodeinteractive.com\/?page_id=6057"},"modified":"2022-09-21T09:11:17","modified_gmt":"2022-09-21T09:11:17","slug":"servicos","status":"publish","type":"page","link":"https:\/\/hcconsultoria.pt\/?page_id=6057","title":{"rendered":"Servi\u00e7os"},"content":{"rendered":"\t\t<div data-elementor-type=\"wp-page\" data-elementor-id=\"6057\" class=\"elementor elementor-6057\">\n\t\t\t\t\t\t\t\t\t<section class=\"elementor-section elementor-top-section elementor-element elementor-element-9484e19 elementor-section-full_width elementor-section-height-default elementor-section-height-default qodef-elementor-content-no\" data-id=\"9484e19\" data-element_type=\"section\" data-settings=\"{&quot;background_background&quot;:&quot;slideshow&quot;,&quot;background_slideshow_gallery&quot;:[],&quot;background_slideshow_loop&quot;:&quot;yes&quot;,&quot;background_slideshow_slide_duration&quot;:5000,&quot;background_slideshow_slide_transition&quot;:&quot;fade&quot;,&quot;background_slideshow_transition_duration&quot;:500}\">\n\t\t\t\t\t\t<div class=\"elementor-container elementor-column-gap-default\">\n\t\t\t\t\t<div class=\"elementor-column elementor-col-50 elementor-top-column elementor-element elementor-element-8bb3de8\" data-id=\"8bb3de8\" data-element_type=\"column\" data-settings=\"{&quot;background_background&quot;:&quot;classic&quot;}\">\n\t\t\t<div class=\"elementor-widget-wrap elementor-element-populated\">\n\t\t\t\t\t\t\t\t<div class=\"elementor-element elementor-element-7de178c elementor-widget__width-initial elementor-widget elementor-widget-valiance_core_section_title\" data-id=\"7de178c\" data-element_type=\"widget\" data-widget_type=\"valiance_core_section_title.default\">\n\t\t\t\t<div class=\"elementor-widget-container\">\n\t\t\t<div class=\"qodef-shortcode qodef-m  qodef-section-title qodef-alignment--left  \">\n\t\t\t<h3 class=\"qodef-m-title\" >\n\t\t\t\t\tCandidaturas IEFP e Fundos Comunit\u00e1rios\t\t\t<\/h3>\n\t\t<p class=\"qodef-m-text\" style=\"margin-top: 16px;font-size: 16px;line-height: 25px\">Elaboramos candidaturas de apoio \u00e0 cria\u00e7\u00e3o de empresas, e fundos comunit\u00e1rios e de apoio \u00e0 contrata\u00e7\u00e3o. <\/p>\n<\/div>\n\t\t<\/div>\n\t\t\t\t<\/div>\n\t\t\t\t<div class=\"elementor-element elementor-element-f558cd5 elementor-widget__width-initial elementor-widget elementor-widget-valiance_core_section_title\" data-id=\"f558cd5\" data-element_type=\"widget\" data-widget_type=\"valiance_core_section_title.default\">\n\t\t\t\t<div class=\"elementor-widget-container\">\n\t\t\t<div class=\"qodef-shortcode qodef-m  qodef-section-title qodef-alignment--left  \">\n\t\t\t<h3 class=\"qodef-m-title\" >\n\t\t\t\t\tRecursos Humanos\t\t\t<\/h3>\n\t\t<p class=\"qodef-m-text\" style=\"margin-top: 16px;font-size: 16px;line-height: 25px\">Apoio a Recursos Humanos: servi\u00e7os de recrutamento e sele\u00e7\u00e3o profissional, an\u00e1lise e descri\u00e7\u00e3o de fun\u00e7\u00f5es, avalia\u00e7\u00e3o de desempenho, planos de forma\u00e7\u00e3o profissional.<\/p>\n<\/div>\n\t\t<\/div>\n\t\t\t\t<\/div>\n\t\t\t\t<div class=\"elementor-element elementor-element-d963445 elementor-widget elementor-widget-valiance_core_button\" data-id=\"d963445\" data-element_type=\"widget\" data-widget_type=\"valiance_core_button.default\">\n\t\t\t\t<div class=\"elementor-widget-container\">\n\t\t\t<a class=\"qodef-shortcode qodef-m  qodef-button qodef-layout--outlined  qodef-html--link\" href=\"https:\/\/hcconsultoria.pt\/contactos\" target=\"_self\"  >\n\t<span class=\"qodef-m-line-top\"  ><\/span>\n\t<span class=\"qodef-m-line-bottom\"  ><\/span>\n\t<span class=\"qodef-m-text\">Contacte-nos<\/span>\n\t<span class=\"qodef-m-icon-arrow-wrapper\">\n\t\t<span class=\"qodef-m-icon-arrow qodef-m-icon-arrow1\"><svg  xmlns=\"http:\/\/www.w3.org\/2000\/svg\" width=\"26\" height=\"7\" viewBox=\"0 0 26 7\"><line x1=\"20\" transform=\"translate(0 3.5)\" fill=\"none\" stroke=\"#171717\" stroke-width=\"1\"\/><path d=\"M3.5,0,7,6H0Z\" transform=\"translate(26) rotate(90)\" fill=\"#171717\"\/><\/svg><\/span>\n\t\t<span class=\"qodef-m-icon-arrow qodef-m-icon-arrow2\"><svg  xmlns=\"http:\/\/www.w3.org\/2000\/svg\" width=\"26\" height=\"7\" viewBox=\"0 0 26 7\"><line x1=\"20\" transform=\"translate(0 3.5)\" fill=\"none\" stroke=\"#171717\" stroke-width=\"1\"\/><path d=\"M3.5,0,7,6H0Z\" transform=\"translate(26) rotate(90)\" fill=\"#171717\"\/><\/svg><\/span>\n\t<\/span>\n\n<\/a>\n\t\t<\/div>\n\t\t\t\t<\/div>\n\t\t\t\t\t<\/div>\n\t\t<\/div>\n\t\t\t\t<div class=\"elementor-column elementor-col-50 elementor-top-column elementor-element elementor-element-a3cd6c0\" data-id=\"a3cd6c0\" data-element_type=\"column\" data-settings=\"{&quot;background_background&quot;:&quot;classic&quot;}\">\n\t\t\t<div class=\"elementor-widget-wrap elementor-element-populated\">\n\t\t\t\t\t\t\t\t<div class=\"elementor-element elementor-element-2cbe28a elementor-widget elementor-widget-spacer\" data-id=\"2cbe28a\" data-element_type=\"widget\" data-widget_type=\"spacer.default\">\n\t\t\t\t<div class=\"elementor-widget-container\">\n\t\t\t<style>\/*! elementor - v3.7.2 - 21-08-2022 *\/\n.elementor-column .elementor-spacer-inner{height:var(--spacer-size)}.e-container{--container-widget-width:100%}.e-container>.elementor-widget-spacer{width:var(--container-widget-width,var(--spacer-size));-ms-flex-item-align:stretch;align-self:stretch;-ms-flex-negative:0;flex-shrink:0}.e-container>.elementor-widget-spacer>.elementor-widget-container,.e-container>.elementor-widget-spacer>.elementor-widget-container>.elementor-spacer{height:100%}.e-container>.elementor-widget-spacer>.elementor-widget-container>.elementor-spacer>.elementor-spacer-inner{height:var(--container-widget-height,var(--spacer-size))}<\/style>\t\t<div class=\"elementor-spacer\">\n\t\t\t<div class=\"elementor-spacer-inner\"><\/div>\n\t\t<\/div>\n\t\t\t\t<\/div>\n\t\t\t\t<\/div>\n\t\t\t\t\t<\/div>\n\t\t<\/div>\n\t\t\t\t\t\t\t<\/div>\n\t\t<\/section>\n\t\t\t\t<section class=\"elementor-section elementor-top-section elementor-element elementor-element-be83a93 elementor-section-full_width elementor-reverse-tablet elementor-reverse-mobile elementor-section-height-default elementor-section-height-default qodef-elementor-content-no\" data-id=\"be83a93\" data-element_type=\"section\">\n\t\t\t\t\t\t<div class=\"elementor-container elementor-column-gap-default\">\n\t\t\t\t\t<div class=\"elementor-column elementor-col-50 elementor-top-column elementor-element elementor-element-4fda5b1\" data-id=\"4fda5b1\" data-element_type=\"column\" data-settings=\"{&quot;background_background&quot;:&quot;classic&quot;}\">\n\t\t\t<div class=\"elementor-widget-wrap elementor-element-populated\">\n\t\t\t\t\t\t\t\t<div class=\"elementor-element elementor-element-c2241a6 elementor-widget elementor-widget-spacer\" data-id=\"c2241a6\" data-element_type=\"widget\" data-widget_type=\"spacer.default\">\n\t\t\t\t<div class=\"elementor-widget-container\">\n\t\t\t\t\t<div class=\"elementor-spacer\">\n\t\t\t<div class=\"elementor-spacer-inner\"><\/div>\n\t\t<\/div>\n\t\t\t\t<\/div>\n\t\t\t\t<\/div>\n\t\t\t\t\t<\/div>\n\t\t<\/div>\n\t\t\t\t<div class=\"elementor-column elementor-col-50 elementor-top-column elementor-element elementor-element-b858bc6\" data-id=\"b858bc6\" data-element_type=\"column\" data-settings=\"{&quot;background_background&quot;:&quot;classic&quot;}\">\n\t\t\t<div class=\"elementor-widget-wrap elementor-element-populated\">\n\t\t\t\t\t\t\t\t<div class=\"elementor-element elementor-element-1bd5e0c elementor-widget__width-initial elementor-widget elementor-widget-valiance_core_section_title\" data-id=\"1bd5e0c\" data-element_type=\"widget\" data-widget_type=\"valiance_core_section_title.default\">\n\t\t\t\t<div class=\"elementor-widget-container\">\n\t\t\t<div class=\"qodef-shortcode qodef-m  qodef-section-title qodef-alignment--right  \">\n\t\t\t<h3 class=\"qodef-m-title\" >\n\t\t\t\t\tCria\u00e7\u00e3o de Empresas e do Pr\u00f3prio Emprego\t\t\t<\/h3>\n\t\t<p class=\"qodef-m-text\" style=\"margin-top: 15px;font-size: 16px;line-height: 25px\">Elaboramos candidaturas, produzimos estudos de viabilidade econ\u00f3mico-financeira, e acompanhamos processos.<\/p>\n<\/div>\n\t\t<\/div>\n\t\t\t\t<\/div>\n\t\t\t\t<div class=\"elementor-element elementor-element-53b7d08 elementor-widget__width-initial elementor-widget elementor-widget-valiance_core_section_title\" data-id=\"53b7d08\" data-element_type=\"widget\" data-widget_type=\"valiance_core_section_title.default\">\n\t\t\t\t<div class=\"elementor-widget-container\">\n\t\t\t<div class=\"qodef-shortcode qodef-m  qodef-section-title qodef-alignment--right  \">\n\t\t\t<h3 class=\"qodef-m-title\" >\n\t\t\t\t\tGest\u00e3o de Neg\u00f3cios\t\t\t<\/h3>\n\t\t<p class=\"qodef-m-text\" style=\"margin-top: 15px;font-size: 16px;line-height: 25px\">Apoio \u00e0 gest\u00e3o de empresas.<\/p>\n<\/div>\n\t\t<\/div>\n\t\t\t\t<\/div>\n\t\t\t\t<div class=\"elementor-element elementor-element-f893814 elementor-widget__width-initial elementor-widget elementor-widget-valiance_core_section_title\" data-id=\"f893814\" data-element_type=\"widget\" data-widget_type=\"valiance_core_section_title.default\">\n\t\t\t\t<div class=\"elementor-widget-container\">\n\t\t\t<div class=\"qodef-shortcode qodef-m  qodef-section-title qodef-alignment--right  \">\n\t\t\t<h3 class=\"qodef-m-title\" >\n\t\t\t\t\tApoio ao Cidad\u00e3o\t\t\t<\/h3>\n\t\t<p class=\"qodef-m-text\" style=\"margin-top: 15px;font-size: 16px;line-height: 25px\">Servi\u00e7os de apoio ao cidad\u00e3o - fiscalidade, contabilidade, seguran\u00e7a social.<\/p>\n<\/div>\n\t\t<\/div>\n\t\t\t\t<\/div>\n\t\t\t\t<div class=\"elementor-element elementor-element-16c8ab6 elementor-widget elementor-widget-valiance_core_separator\" data-id=\"16c8ab6\" data-element_type=\"widget\" data-widget_type=\"valiance_core_separator.default\">\n\t\t\t\t<div class=\"elementor-widget-container\">\n\t\t\t<div class=\"qodef-shortcode qodef-m  qodef-separator clear \">\n\t<div class=\"qodef-m-line\" style=\"border-color: #00000000;width: 1px;border-bottom-width: 1px;margin-top: 1px;margin-bottom: 0px\"><\/div>\n<\/div>\n\t\t<\/div>\n\t\t\t\t<\/div>\n\t\t\t\t<div class=\"elementor-element elementor-element-9d5f4d2 elementor-widget__width-auto elementor-widget elementor-widget-valiance_core_button\" data-id=\"9d5f4d2\" data-element_type=\"widget\" data-widget_type=\"valiance_core_button.default\">\n\t\t\t\t<div class=\"elementor-widget-container\">\n\t\t\t<a class=\"qodef-shortcode qodef-m  qodef-button qodef-layout--outlined  qodef-html--link\" href=\"https:\/\/hcconsultoria.pt\/contactos\" target=\"_self\"  >\n\t<span class=\"qodef-m-line-top\"  ><\/span>\n\t<span class=\"qodef-m-line-bottom\"  ><\/span>\n\t<span class=\"qodef-m-text\">Contacte-nos<\/span>\n\t<span class=\"qodef-m-icon-arrow-wrapper\">\n\t\t<span class=\"qodef-m-icon-arrow qodef-m-icon-arrow1\"><svg  xmlns=\"http:\/\/www.w3.org\/2000\/svg\" width=\"26\" height=\"7\" viewBox=\"0 0 26 7\"><line x1=\"20\" transform=\"translate(0 3.5)\" fill=\"none\" stroke=\"#171717\" stroke-width=\"1\"\/><path d=\"M3.5,0,7,6H0Z\" transform=\"translate(26) rotate(90)\" fill=\"#171717\"\/><\/svg><\/span>\n\t\t<span class=\"qodef-m-icon-arrow qodef-m-icon-arrow2\"><svg  xmlns=\"http:\/\/www.w3.org\/2000\/svg\" width=\"26\" height=\"7\" viewBox=\"0 0 26 7\"><line x1=\"20\" transform=\"translate(0 3.5)\" fill=\"none\" stroke=\"#171717\" stroke-width=\"1\"\/><path d=\"M3.5,0,7,6H0Z\" transform=\"translate(26) rotate(90)\" fill=\"#171717\"\/><\/svg><\/span>\n\t<\/span>\n\n<\/a>\n\t\t<\/div>\n\t\t\t\t<\/div>\n\t\t\t\t\t<\/div>\n\t\t<\/div>\n\t\t\t\t\t\t\t<\/div>\n\t\t<\/section>\n\t\t\t\t\t\t\t<\/div>\n\t\t","protected":false},"excerpt":{"rendered":"<p>Candidaturas IEFP e Fundos Comunit\u00e1rios Elaboramos candidaturas de apoio \u00e0 cria\u00e7\u00e3o de empresas, e fundos comunit\u00e1rios e de apoio \u00e0 contrata\u00e7\u00e3o. Recursos Humanos Apoio a Recursos Humanos: servi\u00e7os de recrutamento e sele\u00e7\u00e3o profissional, an\u00e1lise e descri\u00e7\u00e3o de fun\u00e7\u00f5es, avalia\u00e7\u00e3o de desempenho, planos de forma\u00e7\u00e3o profissional. Contacte-nos Cria\u00e7\u00e3o de Empresas e do Pr\u00f3prio Emprego Elaboramos candidaturas, [&hellip;]<\/p>\n","protected":false},"author":1,"featured_media":0,"parent":0,"menu_order":0,"comment_status":"closed","ping_status":"closed","template":"page-full-width.php","meta":{"footnotes":""},"class_list":["post-6057","page","type-page","status-publish","hentry"],"_links":{"self":[{"href":"https:\/\/hcconsultoria.pt\/index.php?rest_route=\/wp\/v2\/pages\/6057","targetHints":{"allow":["GET"]}}],"collection":[{"href":"https:\/\/hcconsultoria.pt\/index.php?rest_route=\/wp\/v2\/pages"}],"about":[{"href":"https:\/\/hcconsultoria.pt\/index.php?rest_route=\/wp\/v2\/types\/page"}],"author":[{"embeddable":true,"href":"https:\/\/hcconsultoria.pt\/index.php?rest_route=\/wp\/v2\/users\/1"}],"replies":[{"embeddable":true,"href":"https:\/\/hcconsultoria.pt\/index.php?rest_route=%2Fwp%2Fv2%2Fcomments&post=6057"}],"version-history":[{"count":13,"href":"https:\/\/hcconsultoria.pt\/index.php?rest_route=\/wp\/v2\/pages\/6057\/revisions"}],"predecessor-version":[{"id":13181,"href":"https:\/\/hcconsultoria.pt\/index.php?rest_route=\/wp\/v2\/pages\/6057\/revisions\/13181"}],"wp:attachment":[{"href":"https:\/\/hcconsultoria.pt\/index.php?rest_route=%2Fwp%2Fv2%2Fmedia&parent=6057"}],"curies":[{"name":"wp","href":"https:\/\/api.w.org\/{rel}","templated":true}]}}