{"id":6200,"date":"2021-03-11T08:36:04","date_gmt":"2021-03-11T08:36:04","guid":{"rendered":"https:\/\/valiance.qodeinteractive.com\/?page_id=6200"},"modified":"2022-11-29T10:43:32","modified_gmt":"2022-11-29T10:43:32","slug":"contactos","status":"publish","type":"page","link":"https:\/\/hcconsultoria.pt\/?page_id=6200","title":{"rendered":"Contactos"},"content":{"rendered":"\t\t<div data-elementor-type=\"wp-page\" data-elementor-id=\"6200\" class=\"elementor elementor-6200\">\n\t\t\t\t\t\t\t\t\t<section class=\"elementor-section elementor-top-section elementor-element elementor-element-2c2d86f elementor-section-full_width elementor-section-height-default elementor-section-height-default qodef-elementor-content-no\" data-id=\"2c2d86f\" data-element_type=\"section\">\n\t\t\t\t\t\t<div class=\"elementor-container elementor-column-gap-default\">\n\t\t\t\t\t<div class=\"elementor-column elementor-col-50 elementor-top-column elementor-element elementor-element-cd1edbf\" data-id=\"cd1edbf\" data-element_type=\"column\" data-settings=\"{&quot;background_background&quot;:&quot;classic&quot;}\">\n\t\t\t<div class=\"elementor-widget-wrap elementor-element-populated\">\n\t\t\t\t\t\t\t\t<div class=\"elementor-element elementor-element-7bfbd86 elementor-widget elementor-widget-valiance_core_section_title\" data-id=\"7bfbd86\" data-element_type=\"widget\" data-widget_type=\"valiance_core_section_title.default\">\n\t\t\t\t<div class=\"elementor-widget-container\">\n\t\t\t<div class=\"qodef-shortcode qodef-m  qodef-section-title qodef-alignment--left  \">\n\t\t\t<h3 class=\"qodef-m-title\" >\n\t\t\t\t\tFale com a nossa equipa de consultores!\t\t\t<\/h3>\n\t<\/div>\n\t\t<\/div>\n\t\t\t\t<\/div>\n\t\t\t\t<div class=\"elementor-element elementor-element-3c599f1 elementor-widget elementor-widget-wp-widget-valiance_core_contact_form_7\" data-id=\"3c599f1\" data-element_type=\"widget\" data-widget_type=\"wp-widget-valiance_core_contact_form_7.default\">\n\t\t\t\t<div class=\"elementor-widget-container\">\n\t\t\t\t\t\t<div class=\"qodef-contact-form-7\">\n\t\t\t\t<div role=\"form\" class=\"wpcf7\" id=\"wpcf7-f11-o1\" lang=\"en-US\" dir=\"ltr\">\n<div class=\"screen-reader-response\"><p role=\"status\" aria-live=\"polite\" aria-atomic=\"true\"><\/p> <ul><\/ul><\/div>\n<form action=\"\/index.php?rest_route=%2Fwp%2Fv2%2Fpages%2F6200#wpcf7-f11-o1\" method=\"post\" class=\"wpcf7-form init\" novalidate=\"novalidate\" data-status=\"init\">\n<div style=\"display: none;\">\n<input type=\"hidden\" name=\"_wpcf7\" value=\"11\" \/>\n<input type=\"hidden\" name=\"_wpcf7_version\" value=\"5.6.3\" \/>\n<input type=\"hidden\" name=\"_wpcf7_locale\" value=\"en_US\" \/>\n<input type=\"hidden\" name=\"_wpcf7_unit_tag\" value=\"wpcf7-f11-o1\" \/>\n<input type=\"hidden\" name=\"_wpcf7_container_post\" value=\"0\" \/>\n<input type=\"hidden\" name=\"_wpcf7_posted_data_hash\" value=\"\" \/>\n<\/div>\n<label> Nome\n    <span class=\"wpcf7-form-control-wrap\" data-name=\"your-name\"><input type=\"text\" name=\"your-name\" value=\"\" size=\"40\" class=\"wpcf7-form-control wpcf7-text wpcf7-validates-as-required\" aria-required=\"true\" aria-invalid=\"false\" \/><\/span> <\/label>\n\n<label> E-mail\n    <span class=\"wpcf7-form-control-wrap\" data-name=\"your-email\"><input type=\"email\" name=\"your-email\" value=\"\" size=\"40\" class=\"wpcf7-form-control wpcf7-text wpcf7-email wpcf7-validates-as-required wpcf7-validates-as-email\" aria-required=\"true\" aria-invalid=\"false\" \/><\/span> <\/label>\n\n<label> Assunto\n    <span class=\"wpcf7-form-control-wrap\" data-name=\"your-subject\"><input type=\"text\" name=\"your-subject\" value=\"\" size=\"40\" class=\"wpcf7-form-control wpcf7-text wpcf7-validates-as-required\" aria-required=\"true\" aria-invalid=\"false\" \/><\/span> <\/label>\n\n<label> Mensagem (opcional)\n    <span class=\"wpcf7-form-control-wrap\" data-name=\"your-message\"><textarea name=\"your-message\" cols=\"40\" rows=\"10\" class=\"wpcf7-form-control wpcf7-textarea\" aria-invalid=\"false\"><\/textarea><\/span> <\/label>\n<span class=\"wpcf7-form-control-wrap\" data-name=\"acceptance-339\"><span class=\"wpcf7-form-control wpcf7-acceptance\"><span class=\"wpcf7-list-item\"><input type=\"checkbox\" name=\"acceptance-339\" value=\"1\" aria-invalid=\"false\" \/><\/span><\/span><\/span> Aceito a <a href=\"http:\/\/hcconsultoria.pt\/politica-privacidade\">Pol\u00edtica de Privacidade<\/a>\n<p> <\/p>\n<span class=\"wpcf7-form-control-wrap\" data-name=\"acceptance-471\"><span class=\"wpcf7-form-control wpcf7-acceptance\"><span class=\"wpcf7-list-item\"><input type=\"checkbox\" name=\"acceptance-471\" value=\"1\" aria-invalid=\"false\" \/><\/span><\/span><\/span> Dou o consentimento para o tratamento de dados\n<p> <\/p>\nO tratamento dos seus dados ser\u00e1 feito de acordo com a Lei n.\u00ba 67\/98, de 26 de Outubro e o Regulamento (UE) 2016\/679 do Parlamento Europeu e do Conselho de 27 de abril de 2016 (RGPD).\n<p> <\/p>\n\n<button type=\"submit\" class=\"wpcf7-form-control wpcf7-submit qodef-layout--filled qodef-button qodef-size--normal qodef-m\"><span class=\"qodef-m-text\">Enviar<\/span><span class=\"qodef-m-icon-arrow-wrapper\"><span class=\"qodef-m-icon-arrow qodef-m-icon-arrow1\"><svg  xmlns=\"http:\/\/www.w3.org\/2000\/svg\" width=\"26\" height=\"7\" viewBox=\"0 0 26 7\"><line x1=\"20\" transform=\"translate(0 3.5)\" fill=\"none\" stroke=\"#171717\" stroke-width=\"1\"\/><path d=\"M3.5,0,7,6H0Z\" transform=\"translate(26) rotate(90)\" fill=\"#171717\"\/><\/svg><\/span><span class=\"qodef-m-icon-arrow qodef-m-icon-arrow2\"><svg  xmlns=\"http:\/\/www.w3.org\/2000\/svg\" width=\"26\" height=\"7\" viewBox=\"0 0 26 7\"><line x1=\"20\" transform=\"translate(0 3.5)\" fill=\"none\" stroke=\"#171717\" stroke-width=\"1\"\/><path d=\"M3.5,0,7,6H0Z\" transform=\"translate(26) rotate(90)\" fill=\"#171717\"\/><\/svg><\/span><\/span><\/button><div class=\"wpcf7-response-output\" aria-hidden=\"true\"><\/div><\/form><\/div>\t\t\t<\/div>\n\t\t\t\t\t<\/div>\n\t\t\t\t<\/div>\n\t\t\t\t\t<\/div>\n\t\t<\/div>\n\t\t\t\t<div class=\"elementor-column elementor-col-50 elementor-top-column elementor-element elementor-element-b496a4f\" data-id=\"b496a4f\" data-element_type=\"column\" data-settings=\"{&quot;background_background&quot;:&quot;classic&quot;}\">\n\t\t\t<div class=\"elementor-widget-wrap elementor-element-populated\">\n\t\t\t\t\t\t\t\t<div class=\"elementor-element elementor-element-85e7563 elementor-widget elementor-widget-spacer\" data-id=\"85e7563\" data-element_type=\"widget\" data-widget_type=\"spacer.default\">\n\t\t\t\t<div class=\"elementor-widget-container\">\n\t\t\t<style>\/*! elementor - v3.7.2 - 21-08-2022 *\/\n.elementor-column .elementor-spacer-inner{height:var(--spacer-size)}.e-container{--container-widget-width:100%}.e-container>.elementor-widget-spacer{width:var(--container-widget-width,var(--spacer-size));-ms-flex-item-align:stretch;align-self:stretch;-ms-flex-negative:0;flex-shrink:0}.e-container>.elementor-widget-spacer>.elementor-widget-container,.e-container>.elementor-widget-spacer>.elementor-widget-container>.elementor-spacer{height:100%}.e-container>.elementor-widget-spacer>.elementor-widget-container>.elementor-spacer>.elementor-spacer-inner{height:var(--container-widget-height,var(--spacer-size))}<\/style>\t\t<div class=\"elementor-spacer\">\n\t\t\t<div class=\"elementor-spacer-inner\"><\/div>\n\t\t<\/div>\n\t\t\t\t<\/div>\n\t\t\t\t<\/div>\n\t\t\t\t\t<\/div>\n\t\t<\/div>\n\t\t\t\t\t\t\t<\/div>\n\t\t<\/section>\n\t\t\t\t<section class=\"elementor-section elementor-top-section elementor-element elementor-element-470a254 elementor-section-full_width elementor-section-height-default elementor-section-height-default qodef-elementor-content-no\" data-id=\"470a254\" data-element_type=\"section\">\n\t\t\t\t\t\t<div class=\"elementor-container elementor-column-gap-default\">\n\t\t\t\t\t<div class=\"elementor-column elementor-col-50 elementor-top-column elementor-element elementor-element-aa67fed\" data-id=\"aa67fed\" data-element_type=\"column\" data-settings=\"{&quot;background_background&quot;:&quot;classic&quot;}\">\n\t\t\t<div class=\"elementor-widget-wrap elementor-element-populated\">\n\t\t\t\t\t\t\t\t<div class=\"elementor-element elementor-element-304b5be elementor-widget elementor-widget-valiance_core_google_map\" data-id=\"304b5be\" data-element_type=\"widget\" data-widget_type=\"valiance_core_google_map.default\">\n\t\t\t\t<div class=\"elementor-widget-container\">\n\t\t\t<div class=\"qodef-shortcode qodef-m  qodef-google-map\">\n\t<div class=\"qodef-m-map\" id=\"qodef-map-id--450\" data-addresses='[\"Av. da Liberdade, 838\",\"3700-164 S\u00e3o Jo\u00e3o da Madeira\",\"Portugal\"]' data-pin=https:\/\/hcconsultoria.pt\/wp-content\/plugins\/valiance-core\/inc\/maps\/assets\/img\/pin.png data-unique-id=450 data-height=575px><\/div>\n<\/div>\n\t\t<\/div>\n\t\t\t\t<\/div>\n\t\t\t\t\t<\/div>\n\t\t<\/div>\n\t\t\t\t<div class=\"elementor-column elementor-col-50 elementor-top-column elementor-element elementor-element-7655780\" data-id=\"7655780\" data-element_type=\"column\">\n\t\t\t<div class=\"elementor-widget-wrap elementor-element-populated\">\n\t\t\t\t\t\t\t\t<div class=\"elementor-element elementor-element-abb8dc0 elementor-widget__width-initial elementor-widget elementor-widget-valiance_core_section_title\" data-id=\"abb8dc0\" data-element_type=\"widget\" data-widget_type=\"valiance_core_section_title.default\">\n\t\t\t\t<div class=\"elementor-widget-container\">\n\t\t\t<div class=\"qodef-shortcode qodef-m  qodef-section-title qodef-alignment--left  \">\n\t\t<p class=\"qodef-m-subtitle\" style=\"margin-bottom: 10px\">D\u00ea um passo na dire\u00e7\u00e3o certa!<\/p>\n\t\t<h3 class=\"qodef-m-title\" >\n\t\t\t\t\tEncontre os nossos especialistas!\t\t\t<\/h3>\n\t<\/div>\n\t\t<\/div>\n\t\t\t\t<\/div>\n\t\t\t\t<div class=\"elementor-element elementor-element-f6dcea5 elementor-widget elementor-widget-text-editor\" data-id=\"f6dcea5\" data-element_type=\"widget\" data-widget_type=\"text-editor.default\">\n\t\t\t\t<div class=\"elementor-widget-container\">\n\t\t\t<style>\/*! elementor - v3.7.2 - 21-08-2022 *\/\n.elementor-widget-text-editor.elementor-drop-cap-view-stacked .elementor-drop-cap{background-color:#818a91;color:#fff}.elementor-widget-text-editor.elementor-drop-cap-view-framed .elementor-drop-cap{color:#818a91;border:3px solid;background-color:transparent}.elementor-widget-text-editor:not(.elementor-drop-cap-view-default) .elementor-drop-cap{margin-top:8px}.elementor-widget-text-editor:not(.elementor-drop-cap-view-default) .elementor-drop-cap-letter{width:1em;height:1em}.elementor-widget-text-editor .elementor-drop-cap{float:left;text-align:center;line-height:1;font-size:50px}.elementor-widget-text-editor .elementor-drop-cap-letter{display:inline-block}<\/style>\t\t\t\t<p><a href=\"mailto:geral@hcconsultoria.pt\">geral@hcconsultoria.pt<\/a><\/p>\t\t\t\t\t\t<\/div>\n\t\t\t\t<\/div>\n\t\t\t\t<div class=\"elementor-element elementor-element-8f5c368 elementor-widget elementor-widget-text-editor\" data-id=\"8f5c368\" data-element_type=\"widget\" data-widget_type=\"text-editor.default\">\n\t\t\t\t<div class=\"elementor-widget-container\">\n\t\t\t\t\t\t\t<p>915 257 902<\/p><p>(Chamada para a rede m\u00f3vel nacional)<\/p>\t\t\t\t\t\t<\/div>\n\t\t\t\t<\/div>\n\t\t\t\t<div class=\"elementor-element elementor-element-3a8562c elementor-widget elementor-widget-text-editor\" data-id=\"3a8562c\" data-element_type=\"widget\" data-widget_type=\"text-editor.default\">\n\t\t\t\t<div class=\"elementor-widget-container\">\n\t\t\t\t\t\t\t<p>Av. da Liberdade, 838\/Cave<br \/>3700-164 S\u00e3o Jo\u00e3o da Madeira<\/p><p>\u00a0<\/p>\t\t\t\t\t\t<\/div>\n\t\t\t\t<\/div>\n\t\t\t\t\t<\/div>\n\t\t<\/div>\n\t\t\t\t\t\t\t<\/div>\n\t\t<\/section>\n\t\t\t\t\t\t\t<\/div>\n\t\t","protected":false},"excerpt":{"rendered":"<p>Fale com a nossa equipa de consultores! D\u00ea um passo na dire\u00e7\u00e3o certa! Encontre os nossos especialistas! geral@hcconsultoria.pt 915 257 902 (Chamada para a rede m\u00f3vel nacional) Av. da Liberdade, 838\/Cave3700-164 S\u00e3o Jo\u00e3o da Madeira \u00a0<\/p>\n","protected":false},"author":1,"featured_media":0,"parent":0,"menu_order":0,"comment_status":"closed","ping_status":"closed","template":"page-full-width.php","meta":{"footnotes":""},"class_list":["post-6200","page","type-page","status-publish","hentry"],"_links":{"self":[{"href":"https:\/\/hcconsultoria.pt\/index.php?rest_route=\/wp\/v2\/pages\/6200","targetHints":{"allow":["GET"]}}],"collection":[{"href":"https:\/\/hcconsultoria.pt\/index.php?rest_route=\/wp\/v2\/pages"}],"about":[{"href":"https:\/\/hcconsultoria.pt\/index.php?rest_route=\/wp\/v2\/types\/page"}],"author":[{"embeddable":true,"href":"https:\/\/hcconsultoria.pt\/index.php?rest_route=\/wp\/v2\/users\/1"}],"replies":[{"embeddable":true,"href":"https:\/\/hcconsultoria.pt\/index.php?rest_route=%2Fwp%2Fv2%2Fcomments&post=6200"}],"version-history":[{"count":38,"href":"https:\/\/hcconsultoria.pt\/index.php?rest_route=\/wp\/v2\/pages\/6200\/revisions"}],"predecessor-version":[{"id":13194,"href":"https:\/\/hcconsultoria.pt\/index.php?rest_route=\/wp\/v2\/pages\/6200\/revisions\/13194"}],"wp:attachment":[{"href":"https:\/\/hcconsultoria.pt\/index.php?rest_route=%2Fwp%2Fv2%2Fmedia&parent=6200"}],"curies":[{"name":"wp","href":"https:\/\/api.w.org\/{rel}","templated":true}]}}